{"id":789,"date":"2023-11-21T12:14:49","date_gmt":"2023-11-21T15:14:49","guid":{"rendered":"https:\/\/nicaagrimensura.com\/?page_id=789"},"modified":"2023-11-21T13:19:24","modified_gmt":"2023-11-21T16:19:24","slug":"nosotros-2","status":"publish","type":"page","link":"https:\/\/nicaagrimensura.com\/index.php\/nosotros-2\/","title":{"rendered":"Nosotros"},"content":{"rendered":"<div id=\"pl-789\"  class=\"panel-layout\" ><div id=\"pg-789-0\"  class=\"panel-grid panel-has-style\" ><div class=\"siteorigin-panels-stretch panel-row-style panel-row-style-for-789-0\" id=\"services\" data-stretch-type=\"full\" ><div id=\"pgc-789-0-0\"  class=\"panel-grid-cell\" ><div id=\"panel-789-0-0-0\" class=\"so-panel widget_sow-headline panel-first-child panel-last-child\" data-index=\"0\" ><div\n\t\t\t\n\t\t\tclass=\"so-widget-sow-headline so-widget-sow-headline-default-d07e1e83720a-789 so-widget-fittext-wrapper\"\n\t\t\t data-fit-text-compressor=\"0.85\"\n\t\t><div class=\"sow-headline-container \">\n\t\t\t\t\t\t\t<h1 class=\"sow-headline\">\n\t\t\t\t\t\tSOBRE NOSOTROS\t\t\t\t\t\t<\/h1>\n\t\t\t\t\t\t\t\t\t\t\t<div class=\"decoration\">\n\t\t\t\t\t\t<div class=\"decoration-inside\"><\/div>\n\t\t\t\t\t<\/div>\n\t\t\t\t\t<\/div>\n<\/div><\/div><\/div><\/div><\/div><div id=\"pg-789-1\"  class=\"panel-grid panel-no-style\" ><div id=\"pgc-789-1-0\"  class=\"panel-grid-cell\" ><\/div><\/div><div id=\"pg-789-2\"  class=\"panel-grid panel-no-style\" ><div id=\"pgc-789-2-0\"  class=\"panel-grid-cell\" ><div id=\"panel-789-2-0-0\" class=\"so-panel widget_text panel-first-child\" data-index=\"2\" >\t\t\t<div class=\"textwidget\"><h2 style=\"text-align: center;\">JUAN JOSE NIGRO<\/h2>\n<h6 style=\"text-align: center; style=color: #dd3333;\">Agrimensor Nacional<\/h6>\n<\/div>\n\t\t<\/div><div id=\"panel-789-2-0-1\" class=\"so-panel widget_media_image\" data-index=\"3\" ><img fetchpriority=\"high\" decoding=\"async\" width=\"576\" height=\"1024\" src=\"https:\/\/nicaagrimensura.com\/wp-content\/uploads\/2023\/01\/WhatsApp-Image-2023-01-08-at-09.31.03-2.jpeg\" class=\"image wp-image-144  attachment-full size-full\" alt=\"\" style=\"max-width: 100%; height: auto;\" srcset=\"https:\/\/nicaagrimensura.com\/wp-content\/uploads\/2023\/01\/WhatsApp-Image-2023-01-08-at-09.31.03-2.jpeg 576w, https:\/\/nicaagrimensura.com\/wp-content\/uploads\/2023\/01\/WhatsApp-Image-2023-01-08-at-09.31.03-2-169x300.jpeg 169w\" sizes=\"(max-width: 576px) 100vw, 576px\" \/><\/div><div id=\"panel-789-2-0-2\" class=\"so-panel widget_text panel-last-child\" data-index=\"4\" >\t\t\t<div class=\"textwidget\"><p><strong><em>1988- Agrimensor Nacional\u00a0<\/em><\/strong>\u00a0(Otorg\u00f3: Universidad Nacional de Nordeste)<\/p>\n<p><strong><em>1989- Perito Agrimensor<\/em><\/strong>\u00a0(Otorg\u00f3: Superior Tribunal de Justicia de la Provincia de Corrientes)<\/p>\n<p><strong><em>1991- Ayudante de Trabajos Pr\u00e1cticos.<\/em><\/strong>\u00a0(Otorgo C\u00e1tedra de Dibujo Topogr\u00e1fico y Cartogr\u00e1fico de la Fa.C.E.N.A. \u2013 Resoluci\u00f3n N\u00ba : 68\/91)<\/p>\n<p><strong><em>1999- Interventor Reorganizador de la Direcci\u00f3n General de Catastro\u00a0<\/em><\/strong>(Otorgo: Poder Ejecutivo de la Provincia de Corrientes \u2013 Decreto N\u00ba 470\/99-658\/99)<\/p>\n<p><strong><em>2009-Direcci\u00f3n Municipal de Catastro y Obras Particulares\u00a0<\/em><\/strong>(Otorgo: Poder Ejecutivo de la Municipalidad de Lomas de Zamora \u2013 Decreto N\u00ba 135\/09)<\/p>\n<p><strong><em><b><i>2011-Director Municipal de Catastro\u00a0<\/i><\/b><\/em><\/strong>(Otorgo poder Ejecutivo de la Municipalidad de Lomas de Zamora \u2013 Decreto \u00a0N\u00ba 3517 \/11)<\/p>\n<p><strong><em><b><i>2015-Direcci\u00f3n Municipal de Tierrras\u00a0<\/i><\/b><\/em><\/strong>(Otorgo poder Ejecutivo de la Municipalidad de Lomas de Zamora \u2013 Decreto \u00a0N\u00ba 1439 \/14)<\/p>\n<\/div>\n\t\t<\/div><\/div><div id=\"pgc-789-2-1\"  class=\"panel-grid-cell\" ><div id=\"panel-789-2-1-0\" class=\"so-panel widget_text panel-first-child\" data-index=\"5\" >\t\t\t<div class=\"textwidget\"><h2 style=\"text-align: center;\">FRANCO NIGRO<\/h2>\n<h6 style=\"text-align: center; style=color: #dd3333;\">Ingeniero Agrimensor<\/h6>\n<\/div>\n\t\t<\/div><div id=\"panel-789-2-1-1\" class=\"so-panel widget_media_image\" data-index=\"6\" ><img decoding=\"async\" width=\"1080\" height=\"1350\" src=\"https:\/\/nicaagrimensura.com\/wp-content\/uploads\/2023\/11\/WhatsApp-Image-2023-11-17-at-09.02.57.jpeg\" class=\"image wp-image-599  attachment-full size-full\" alt=\"\" style=\"max-width: 100%; height: auto;\" srcset=\"https:\/\/nicaagrimensura.com\/wp-content\/uploads\/2023\/11\/WhatsApp-Image-2023-11-17-at-09.02.57.jpeg 1080w, https:\/\/nicaagrimensura.com\/wp-content\/uploads\/2023\/11\/WhatsApp-Image-2023-11-17-at-09.02.57-240x300.jpeg 240w, https:\/\/nicaagrimensura.com\/wp-content\/uploads\/2023\/11\/WhatsApp-Image-2023-11-17-at-09.02.57-819x1024.jpeg 819w, https:\/\/nicaagrimensura.com\/wp-content\/uploads\/2023\/11\/WhatsApp-Image-2023-11-17-at-09.02.57-768x960.jpeg 768w\" sizes=\"(max-width: 1080px) 100vw, 1080px\" \/><\/div><div id=\"panel-789-2-1-2\" class=\"so-panel widget_text panel-last-child\" data-index=\"7\" >\t\t\t<div class=\"textwidget\"><p><strong><em>2018- Ingeniero Agrimensor\u00a0<\/em><\/strong><em>\u00a0(Otorg\u00f3: Universidad Nacional de Nordeste)<\/em><\/p>\n<p><strong><em>2019- Asesor del Departamento Ejecutivo Municipal\u00a0<\/em><\/strong>(Otorg\u00f3: Municipalidad de la Ciudad de Corrientes \u2013 Bolet\u00edn Oficial Municipal N\u00b0 3162\/19)<\/p>\n<p><strong><em>2019- Director de Desag<\/em>\u00fces Pluviales \u2013 Subsecretaria de Infraestructura<\/strong>\u00a0(Otorg\u00f3: Dpto. Ejecutivo \u2013 Municipalidad de la Ciudad de Corrientes \u2013 Resoluci\u00f3n N\u00ba : 1674\/2019)<\/p>\n<p><strong><em>2019- Proyecto de Obras \u2013 Direcci\u00f3n Provincial de Vialidad.<\/em><\/strong>\u00a0(Otorgo Poder Ejecutivo de la Provincia de Corrientes \u2013 Dto. N\u00ba : 2226\/2019)<\/p>\n<p><strong><em>2019- Jefe de Trabajos Pr\u00e1cticos en Fotogrametria \u2013 Universidad Nacional del Nordeste\u00a0<\/em><\/strong>(Otorgo: Consejo Directivo de la Fa.C.E.N.A. \u2013 Resoluci\u00f3n N\u00ba : 1065\/2019)<\/p>\n<p><strong><em>2019- Jefe de Trabajos Pr\u00e1cticos en Fotointerpretaci\u00f3n y Teledetecci\u00f3n \u2013 Universidad Nacional del Nordeste\u00a0<\/em><\/strong>(Otorgo: Consejo Directivo de la Fa.C.E.N.A. \u2013 Resoluci\u00f3n N\u00ba : 1065\/2019)<\/p>\n<p><strong><em>2021- Seleccionado por la Federaci\u00f3n Internacional de Agrimensores para participar en la Jornada de Trabajo \u00abWorking week 2021. Smart Surveyors for Land and Wather Management. \u201cChallanges in a New Reality\u201d. Netherlands\u00a0<\/em><\/strong>(FIG \u2013 International Federation of Surveyors)<\/p>\n<p><strong><em>2021- Seleccionado por la Federaci\u00f3n Internacional de Agrimensores para participar en la 6ta Conferencia de J\u00f3venes Agrimensores \u201c Challanges in our New Reality\u201d. Reimagining a Sustentaible Future. Netherlands\u00a0<\/em><\/strong>\u00a0(FIG \u2013 Young Surveyors)<\/p>\n<\/div>\n\t\t<\/div><\/div><\/div><div id=\"pg-789-3\"  class=\"panel-grid panel-no-style\" ><div id=\"pgc-789-3-0\"  class=\"panel-grid-cell\" ><div id=\"panel-789-3-0-0\" class=\"so-panel widget_text panel-first-child\" data-index=\"8\" >\t\t\t<div class=\"textwidget\"><h2 style=\"text-align: center;\">AUGUSTO NIGRO<\/h2>\n<h6 style=\"text-align: center; style=color: #dd3333;\">Ingeniero Agrimensor<\/h6>\n<\/div>\n\t\t<\/div><div id=\"panel-789-3-0-1\" class=\"so-panel widget_media_image panel-last-child\" data-index=\"9\" ><img decoding=\"async\" width=\"964\" height=\"1280\" src=\"https:\/\/nicaagrimensura.com\/wp-content\/uploads\/2023\/11\/WhatsApp-Image-2023-11-17-at-16.20.27.jpeg\" class=\"image wp-image-807  attachment-full size-full\" alt=\"\" style=\"max-width: 100%; height: auto;\" srcset=\"https:\/\/nicaagrimensura.com\/wp-content\/uploads\/2023\/11\/WhatsApp-Image-2023-11-17-at-16.20.27.jpeg 964w, https:\/\/nicaagrimensura.com\/wp-content\/uploads\/2023\/11\/WhatsApp-Image-2023-11-17-at-16.20.27-226x300.jpeg 226w, https:\/\/nicaagrimensura.com\/wp-content\/uploads\/2023\/11\/WhatsApp-Image-2023-11-17-at-16.20.27-771x1024.jpeg 771w, https:\/\/nicaagrimensura.com\/wp-content\/uploads\/2023\/11\/WhatsApp-Image-2023-11-17-at-16.20.27-768x1020.jpeg 768w\" sizes=\"(max-width: 964px) 100vw, 964px\" \/><\/div><\/div><div id=\"pgc-789-3-1\"  class=\"panel-grid-cell\" ><div id=\"panel-789-3-1-0\" class=\"so-panel widget_text panel-first-child\" data-index=\"10\" >\t\t\t<div class=\"textwidget\"><h2 style=\"text-align: center;\">ABIGAIL NIGRO<\/h2>\n<h6 style=\"text-align: center; style=color: #dd3333;\">Arquitecta<\/h6>\n<\/div>\n\t\t<\/div><div id=\"panel-789-3-1-1\" class=\"so-panel widget_media_image panel-last-child\" data-index=\"11\" ><img loading=\"lazy\" decoding=\"async\" width=\"1200\" height=\"1600\" src=\"https:\/\/nicaagrimensura.com\/wp-content\/uploads\/2023\/11\/2.jpeg\" class=\"image wp-image-586  attachment-full size-full\" alt=\"\" style=\"max-width: 100%; height: auto;\" srcset=\"https:\/\/nicaagrimensura.com\/wp-content\/uploads\/2023\/11\/2.jpeg 1200w, https:\/\/nicaagrimensura.com\/wp-content\/uploads\/2023\/11\/2-225x300.jpeg 225w, https:\/\/nicaagrimensura.com\/wp-content\/uploads\/2023\/11\/2-768x1024.jpeg 768w, https:\/\/nicaagrimensura.com\/wp-content\/uploads\/2023\/11\/2-1152x1536.jpeg 1152w\" sizes=\"(max-width: 1200px) 100vw, 1200px\" \/><\/div><\/div><\/div><\/div>","protected":false},"excerpt":{"rendered":"<p>SOBRE NOSOTROS JUAN JOSE NIGRO Agrimensor Nacional 1988- Agrimensor Nacional\u00a0\u00a0(Otorg\u00f3: Universidad Nacional de Nordeste) 1989- Perito Agrimensor\u00a0(Otorg\u00f3: Superior Tribunal de Justicia de la Provincia de Corrientes) 1991- Ayudante de Trabajos Pr\u00e1cticos.\u00a0(Otorgo C\u00e1tedra de Dibujo Topogr\u00e1fico y Cartogr\u00e1fico de la Fa.C.E.N.A. \u2013 Resoluci\u00f3n N\u00ba : 68\/91) 1999- Interventor Reorganizador de la Direcci\u00f3n General de Catastro\u00a0(Otorgo: Poder [&hellip;]<\/p>\n","protected":false},"author":1,"featured_media":0,"parent":0,"menu_order":0,"comment_status":"closed","ping_status":"closed","template":"","meta":{"footnotes":""},"class_list":["post-789","page","type-page","status-publish","hentry"],"_links":{"self":[{"href":"https:\/\/nicaagrimensura.com\/index.php\/wp-json\/wp\/v2\/pages\/789","targetHints":{"allow":["GET"]}}],"collection":[{"href":"https:\/\/nicaagrimensura.com\/index.php\/wp-json\/wp\/v2\/pages"}],"about":[{"href":"https:\/\/nicaagrimensura.com\/index.php\/wp-json\/wp\/v2\/types\/page"}],"author":[{"embeddable":true,"href":"https:\/\/nicaagrimensura.com\/index.php\/wp-json\/wp\/v2\/users\/1"}],"replies":[{"embeddable":true,"href":"https:\/\/nicaagrimensura.com\/index.php\/wp-json\/wp\/v2\/comments?post=789"}],"version-history":[{"count":33,"href":"https:\/\/nicaagrimensura.com\/index.php\/wp-json\/wp\/v2\/pages\/789\/revisions"}],"predecessor-version":[{"id":834,"href":"https:\/\/nicaagrimensura.com\/index.php\/wp-json\/wp\/v2\/pages\/789\/revisions\/834"}],"wp:attachment":[{"href":"https:\/\/nicaagrimensura.com\/index.php\/wp-json\/wp\/v2\/media?parent=789"}],"curies":[{"name":"wp","href":"https:\/\/api.w.org\/{rel}","templated":true}]}}